{"id":6005,"date":"2020-11-11T15:14:36","date_gmt":"2020-11-11T14:14:36","guid":{"rendered":"http:\/\/localhost:8888\/vitreenne-fc\/?post_type=product&#038;p=6005"},"modified":"2025-04-13T10:37:16","modified_gmt":"2025-04-13T08:37:16","slug":"nike-division-3","status":"publish","type":"product","link":"http:\/\/www.client.mathieuroze.fr\/vitrenne-fc\/product\/nike-division-3\/","title":{"rendered":"Nike division 3"},"content":{"rendered":"","protected":false},"excerpt":{"rendered":"<p>Les rayures tiss\u00e9es-teintes r\u00e9parties sur l&rsquo;ensemble du maillot de football Nike Striped Division 3 cr\u00e9ent un look dynamique et parfait pour le terrain qui ne g\u00eanera en rien les propri\u00e9t\u00e9s d&rsquo;\u00e9vacuation de la transpiration de la technologie Dri-FIT du tissu. Un empi\u00e8cement en mesh dans le haut du dos garantit la respirabilit\u00e9 n\u00e9cessaire pour b\u00e9n\u00e9ficier d&rsquo;un maximum de confort tout au long du match.<\/p>\n","protected":false},"featured_media":6008,"comment_status":"open","ping_status":"closed","template":"","meta":[],"product_cat":[75,76],"product_tag":[],"_links":{"self":[{"href":"http:\/\/www.client.mathieuroze.fr\/vitrenne-fc\/wp-json\/wp\/v2\/product\/6005"}],"collection":[{"href":"http:\/\/www.client.mathieuroze.fr\/vitrenne-fc\/wp-json\/wp\/v2\/product"}],"about":[{"href":"http:\/\/www.client.mathieuroze.fr\/vitrenne-fc\/wp-json\/wp\/v2\/types\/product"}],"replies":[{"embeddable":true,"href":"http:\/\/www.client.mathieuroze.fr\/vitrenne-fc\/wp-json\/wp\/v2\/comments?post=6005"}],"wp:featuredmedia":[{"embeddable":true,"href":"http:\/\/www.client.mathieuroze.fr\/vitrenne-fc\/wp-json\/wp\/v2\/media\/6008"}],"wp:attachment":[{"href":"http:\/\/www.client.mathieuroze.fr\/vitrenne-fc\/wp-json\/wp\/v2\/media?parent=6005"}],"wp:term":[{"taxonomy":"product_cat","embeddable":true,"href":"http:\/\/www.client.mathieuroze.fr\/vitrenne-fc\/wp-json\/wp\/v2\/product_cat?post=6005"},{"taxonomy":"product_tag","embeddable":true,"href":"http:\/\/www.client.mathieuroze.fr\/vitrenne-fc\/wp-json\/wp\/v2\/product_tag?post=6005"}],"curies":[{"name":"wp","href":"https:\/\/api.w.org\/{rel}","templated":true}]}}