{"id":6016,"date":"2020-11-11T16:01:39","date_gmt":"2020-11-11T15:01:39","guid":{"rendered":"http:\/\/localhost:8888\/vitreenne-fc\/?post_type=product&#038;p=6016"},"modified":"2025-06-08T04:49:38","modified_gmt":"2025-06-08T02:49:38","slug":"bresil-2020-stadium-domicile","status":"publish","type":"product","link":"http:\/\/www.client.mathieuroze.fr\/vitrenne-fc\/product\/bresil-2020-stadium-domicile\/","title":{"rendered":"Br\u00e9sil 2020 Stadium Domicile"},"content":{"rendered":"","protected":false},"excerpt":{"rendered":"<p>Repr\u00e9sentez votre \u00e9quipe avec le maillot Br\u00e9sil Stadium Domicile. Le tissu ultra-respirant \u00e9vacue la transpiration pour vous offrir un maximum de fra\u00eecheur et de confort sur le terrain comme dans les tribunes. Ce produit est fabriqu\u00e9 avec au moins 75 % de polyester recycl\u00e9.<\/p>\n","protected":false},"featured_media":6021,"comment_status":"open","ping_status":"closed","template":"","meta":[],"product_cat":[75,76],"product_tag":[],"_links":{"self":[{"href":"http:\/\/www.client.mathieuroze.fr\/vitrenne-fc\/wp-json\/wp\/v2\/product\/6016"}],"collection":[{"href":"http:\/\/www.client.mathieuroze.fr\/vitrenne-fc\/wp-json\/wp\/v2\/product"}],"about":[{"href":"http:\/\/www.client.mathieuroze.fr\/vitrenne-fc\/wp-json\/wp\/v2\/types\/product"}],"replies":[{"embeddable":true,"href":"http:\/\/www.client.mathieuroze.fr\/vitrenne-fc\/wp-json\/wp\/v2\/comments?post=6016"}],"wp:featuredmedia":[{"embeddable":true,"href":"http:\/\/www.client.mathieuroze.fr\/vitrenne-fc\/wp-json\/wp\/v2\/media\/6021"}],"wp:attachment":[{"href":"http:\/\/www.client.mathieuroze.fr\/vitrenne-fc\/wp-json\/wp\/v2\/media?parent=6016"}],"wp:term":[{"taxonomy":"product_cat","embeddable":true,"href":"http:\/\/www.client.mathieuroze.fr\/vitrenne-fc\/wp-json\/wp\/v2\/product_cat?post=6016"},{"taxonomy":"product_tag","embeddable":true,"href":"http:\/\/www.client.mathieuroze.fr\/vitrenne-fc\/wp-json\/wp\/v2\/product_tag?post=6016"}],"curies":[{"name":"wp","href":"https:\/\/api.w.org\/{rel}","templated":true}]}}