{"id":6042,"date":"2020-11-11T16:19:40","date_gmt":"2020-11-11T15:19:40","guid":{"rendered":"http:\/\/localhost:8888\/vitreenne-fc\/?post_type=product&#038;p=6042"},"modified":"2025-06-08T13:48:16","modified_gmt":"2025-06-08T11:48:16","slug":"fc-barcelona-2020-stadium-exterieur","status":"publish","type":"product","link":"http:\/\/www.client.mathieuroze.fr\/vitrenne-fc\/product\/fc-barcelona-2020-stadium-exterieur\/","title":{"rendered":"FC Barcelona 2020 Stadium Ext\u00e9rieur"},"content":{"rendered":"","protected":false},"excerpt":{"rendered":"<p>Repr\u00e9sentez votre \u00e9quipe avec le maillot FC Barcelona Stadium Ext\u00e9rieur. Son tissu ultra-respirant \u00e9vacue la transpiration pour vous offrir un maximum de fra\u00eecheur sur le terrain ou dans les tribunes. Ce produit est enti\u00e8rement fabriqu\u00e9 \u00e0 partir de fibres de polyester recycl\u00e9.<\/p>\n","protected":false},"featured_media":6047,"comment_status":"open","ping_status":"closed","template":"","meta":[],"product_cat":[75,76],"product_tag":[],"_links":{"self":[{"href":"http:\/\/www.client.mathieuroze.fr\/vitrenne-fc\/wp-json\/wp\/v2\/product\/6042"}],"collection":[{"href":"http:\/\/www.client.mathieuroze.fr\/vitrenne-fc\/wp-json\/wp\/v2\/product"}],"about":[{"href":"http:\/\/www.client.mathieuroze.fr\/vitrenne-fc\/wp-json\/wp\/v2\/types\/product"}],"replies":[{"embeddable":true,"href":"http:\/\/www.client.mathieuroze.fr\/vitrenne-fc\/wp-json\/wp\/v2\/comments?post=6042"}],"wp:featuredmedia":[{"embeddable":true,"href":"http:\/\/www.client.mathieuroze.fr\/vitrenne-fc\/wp-json\/wp\/v2\/media\/6047"}],"wp:attachment":[{"href":"http:\/\/www.client.mathieuroze.fr\/vitrenne-fc\/wp-json\/wp\/v2\/media?parent=6042"}],"wp:term":[{"taxonomy":"product_cat","embeddable":true,"href":"http:\/\/www.client.mathieuroze.fr\/vitrenne-fc\/wp-json\/wp\/v2\/product_cat?post=6042"},{"taxonomy":"product_tag","embeddable":true,"href":"http:\/\/www.client.mathieuroze.fr\/vitrenne-fc\/wp-json\/wp\/v2\/product_tag?post=6042"}],"curies":[{"name":"wp","href":"https:\/\/api.w.org\/{rel}","templated":true}]}}