{"id":6072,"date":"2020-11-11T16:50:00","date_gmt":"2020-11-11T15:50:00","guid":{"rendered":"http:\/\/localhost:8888\/vitreenne-fc\/?post_type=product&#038;p=6072"},"modified":"2025-06-08T12:59:57","modified_gmt":"2025-06-08T10:59:57","slug":"bresil-2020","status":"publish","type":"product","link":"http:\/\/www.client.mathieuroze.fr\/vitrenne-fc\/product\/bresil-2020\/","title":{"rendered":"Br\u00e9sil 2020"},"content":{"rendered":"","protected":false},"excerpt":{"rendered":"<p>Le short Br\u00e9sil Stadium Domicile\/Ext\u00e9rieur offre le m\u00eame look que celui des joueurs professionnels sur le terrain. Le tissu recycl\u00e9 ultra-respirant \u00e9vacue la transpiration pour vous offrir un maximum de confort sur le terrain comme dans les tribunes.<\/p>\n","protected":false},"featured_media":6077,"comment_status":"open","ping_status":"closed","template":"","meta":[],"product_cat":[83],"product_tag":[],"_links":{"self":[{"href":"http:\/\/www.client.mathieuroze.fr\/vitrenne-fc\/wp-json\/wp\/v2\/product\/6072"}],"collection":[{"href":"http:\/\/www.client.mathieuroze.fr\/vitrenne-fc\/wp-json\/wp\/v2\/product"}],"about":[{"href":"http:\/\/www.client.mathieuroze.fr\/vitrenne-fc\/wp-json\/wp\/v2\/types\/product"}],"replies":[{"embeddable":true,"href":"http:\/\/www.client.mathieuroze.fr\/vitrenne-fc\/wp-json\/wp\/v2\/comments?post=6072"}],"wp:featuredmedia":[{"embeddable":true,"href":"http:\/\/www.client.mathieuroze.fr\/vitrenne-fc\/wp-json\/wp\/v2\/media\/6077"}],"wp:attachment":[{"href":"http:\/\/www.client.mathieuroze.fr\/vitrenne-fc\/wp-json\/wp\/v2\/media?parent=6072"}],"wp:term":[{"taxonomy":"product_cat","embeddable":true,"href":"http:\/\/www.client.mathieuroze.fr\/vitrenne-fc\/wp-json\/wp\/v2\/product_cat?post=6072"},{"taxonomy":"product_tag","embeddable":true,"href":"http:\/\/www.client.mathieuroze.fr\/vitrenne-fc\/wp-json\/wp\/v2\/product_tag?post=6072"}],"curies":[{"name":"wp","href":"https:\/\/api.w.org\/{rel}","templated":true}]}}