{"id":6080,"date":"2020-11-11T16:53:46","date_gmt":"2020-11-11T15:53:46","guid":{"rendered":"http:\/\/localhost:8888\/vitreenne-fc\/?post_type=product&#038;p=6080"},"modified":"2020-11-11T16:55:40","modified_gmt":"2020-11-11T15:55:40","slug":"fc-barcelona-2020","status":"publish","type":"product","link":"http:\/\/www.client.mathieuroze.fr\/vitrenne-fc\/product\/fc-barcelona-2020\/","title":{"rendered":"FC Barcelona 2020"},"content":{"rendered":"","protected":false},"excerpt":{"rendered":"<p>Avec ce short FC Barcelona 2020\/21 Stadium Domicile\/Ext\u00e9rieur, votre enfant sera fier de repr\u00e9senter son \u00e9quipe pr\u00e9f\u00e9r\u00e9e. Le tissu ultra-respirant \u00e9vacue la transpiration pour vous offrir un maximum de fra\u00eecheur et de confort sur le terrain comme dans les tribunes. Ce produit est enti\u00e8rement fabriqu\u00e9 \u00e0 partir de fibres de polyester recycl\u00e9.<\/p>\n","protected":false},"featured_media":6085,"comment_status":"open","ping_status":"closed","template":"","meta":[],"product_cat":[83],"product_tag":[],"_links":{"self":[{"href":"http:\/\/www.client.mathieuroze.fr\/vitrenne-fc\/wp-json\/wp\/v2\/product\/6080"}],"collection":[{"href":"http:\/\/www.client.mathieuroze.fr\/vitrenne-fc\/wp-json\/wp\/v2\/product"}],"about":[{"href":"http:\/\/www.client.mathieuroze.fr\/vitrenne-fc\/wp-json\/wp\/v2\/types\/product"}],"replies":[{"embeddable":true,"href":"http:\/\/www.client.mathieuroze.fr\/vitrenne-fc\/wp-json\/wp\/v2\/comments?post=6080"}],"wp:featuredmedia":[{"embeddable":true,"href":"http:\/\/www.client.mathieuroze.fr\/vitrenne-fc\/wp-json\/wp\/v2\/media\/6085"}],"wp:attachment":[{"href":"http:\/\/www.client.mathieuroze.fr\/vitrenne-fc\/wp-json\/wp\/v2\/media?parent=6080"}],"wp:term":[{"taxonomy":"product_cat","embeddable":true,"href":"http:\/\/www.client.mathieuroze.fr\/vitrenne-fc\/wp-json\/wp\/v2\/product_cat?post=6080"},{"taxonomy":"product_tag","embeddable":true,"href":"http:\/\/www.client.mathieuroze.fr\/vitrenne-fc\/wp-json\/wp\/v2\/product_tag?post=6080"}],"curies":[{"name":"wp","href":"https:\/\/api.w.org\/{rel}","templated":true}]}}